{"id":866,"date":"2022-03-10T16:39:24","date_gmt":"2022-03-10T16:39:24","guid":{"rendered":"https:\/\/www.edgaonline.com\/dev\/?page_id=866"},"modified":"2024-04-03T20:10:55","modified_gmt":"2024-04-03T19:10:55","slug":"contact-edga-development-team","status":"publish","type":"page","link":"https:\/\/www.edgaonline.com\/dev\/contact-edga-development-team\/","title":{"rendered":"EDGA Education Team"},"content":{"rendered":"\n<figure class=\"wp-block-image size-large\"><img loading=\"lazy\" decoding=\"async\" width=\"1024\" height=\"1024\" src=\"https:\/\/www.edgaonline.com\/dev\/wp-content\/uploads\/2023\/03\/EDGA-NEW-INSTAGRAM-TEMPLATES-34-1024x1024.png\" alt=\"\" class=\"wp-image-1129\" srcset=\"https:\/\/www.edgaonline.com\/dev\/wp-content\/uploads\/2023\/03\/EDGA-NEW-INSTAGRAM-TEMPLATES-34-1024x1024.png 1024w, https:\/\/www.edgaonline.com\/dev\/wp-content\/uploads\/2023\/03\/EDGA-NEW-INSTAGRAM-TEMPLATES-34-300x300.png 300w, https:\/\/www.edgaonline.com\/dev\/wp-content\/uploads\/2023\/03\/EDGA-NEW-INSTAGRAM-TEMPLATES-34-150x150.png 150w, https:\/\/www.edgaonline.com\/dev\/wp-content\/uploads\/2023\/03\/EDGA-NEW-INSTAGRAM-TEMPLATES-34-768x768.png 768w, https:\/\/www.edgaonline.com\/dev\/wp-content\/uploads\/2023\/03\/EDGA-NEW-INSTAGRAM-TEMPLATES-34.png 1080w\" sizes=\"auto, (max-width: 1024px) 100vw, 1024px\" \/><figcaption class=\"wp-element-caption\">Mark Taylor &#8211; Head of Instruction &amp; Education<\/figcaption><\/figure>\n\n\n\n<p><strong>EDGA Global Trained Coach Educators\/Training Facilitators<\/strong><\/p>\n\n\n\n<figure class=\"wp-block-image size-full is-resized\"><img loading=\"lazy\" decoding=\"async\" width=\"275\" height=\"183\" src=\"https:\/\/www.edgaonline.com\/dev\/wp-content\/uploads\/2024\/03\/AustrFlag.png\" alt=\"\" class=\"wp-image-1288\" style=\"width:167px;height:auto\"\/><\/figure>\n\n\n\n<p><strong>Austria:<\/strong> Marie Jeffery &#8211; Education Team &#8211; PGA of Austria                                                         Email: <a href=\"mailto:marie.jeffery@gmx.at\">marie.jeffery@gmx.at<\/a><\/p>\n\n\n\n<figure class=\"wp-block-image size-full is-resized\"><img loading=\"lazy\" decoding=\"async\" width=\"241\" height=\"209\" src=\"https:\/\/www.edgaonline.com\/dev\/wp-content\/uploads\/2024\/03\/Belgflag.png\" alt=\"\" class=\"wp-image-1289\" style=\"width:165px;height:auto\"\/><\/figure>\n\n\n\n<p><strong>Belgium:<\/strong> Anthony Otterstrom &#8211; Director of Education                     PGA of Belgium &#8211; Email: <a href=\"mailto:anthony.otterstrom@pga.be\">anthony.otterstrom@pga.be<\/a><\/p>\n\n\n\n<figure class=\"wp-block-image size-full is-resized\"><img loading=\"lazy\" decoding=\"async\" width=\"318\" height=\"159\" src=\"https:\/\/www.edgaonline.com\/dev\/wp-content\/uploads\/2024\/03\/Canflag.png\" alt=\"\" class=\"wp-image-1290\" style=\"width:169px;height:auto\" srcset=\"https:\/\/www.edgaonline.com\/dev\/wp-content\/uploads\/2024\/03\/Canflag.png 318w, https:\/\/www.edgaonline.com\/dev\/wp-content\/uploads\/2024\/03\/Canflag-300x150.png 300w\" sizes=\"auto, (max-width: 318px) 100vw, 318px\" \/><\/figure>\n\n\n\n<p><strong>Canada:<\/strong> Glenn Cundari &#8211; Technical Director &#8211; PGA of Canada                Email: <a href=\"mailto:glenn@pgaofcanada.com\">glenn@pgaofcanada.com<\/a><\/p>\n\n\n\n<figure class=\"wp-block-image size-full is-resized\"><img loading=\"lazy\" decoding=\"async\" width=\"265\" height=\"190\" src=\"https:\/\/www.edgaonline.com\/dev\/wp-content\/uploads\/2024\/03\/Icelandflag.png\" alt=\"\" class=\"wp-image-1292\" style=\"width:165px;height:auto\"\/><\/figure>\n\n\n\n<p><strong>Iceland:<\/strong> Arnar M\u00e1r \u00d3lafsson -Board Director &#8211; PGA of Iceland      Email: <a href=\"mailto:arnar.olafsson@gmail.com\">arnar.olafsson@gmail.com<\/a><\/p>\n\n\n\n<figure class=\"wp-block-image size-full is-resized\"><img loading=\"lazy\" decoding=\"async\" width=\"220\" height=\"147\" src=\"https:\/\/www.edgaonline.com\/dev\/wp-content\/uploads\/2024\/03\/italyflag.png\" alt=\"\" class=\"wp-image-1291\" style=\"width:166px;height:auto\"\/><\/figure>\n\n\n\n<p><strong>Italy:<\/strong> Camilla Mortigliengo &#8211; Edourdo Molinari Golf Academies     Email: <a href=\"mailto:cami.mortigliengo@gmail.com\">cami.mortigliengo@gmail.com<\/a><\/p>\n\n\n\n<figure class=\"wp-block-image size-full is-resized\"><img loading=\"lazy\" decoding=\"async\" width=\"318\" height=\"159\" src=\"https:\/\/www.edgaonline.com\/dev\/wp-content\/uploads\/2024\/03\/nzflag.png\" alt=\"\" class=\"wp-image-1293\" style=\"width:171px;height:auto\" srcset=\"https:\/\/www.edgaonline.com\/dev\/wp-content\/uploads\/2024\/03\/nzflag.png 318w, https:\/\/www.edgaonline.com\/dev\/wp-content\/uploads\/2024\/03\/nzflag-300x150.png 300w\" sizes=\"auto, (max-width: 318px) 100vw, 318px\" \/><\/figure>\n\n\n\n<p><strong>New Zealand:<\/strong> James Vercoe &#8211; Head of Education &#8211; PGA of New Zealand &#8211; Email: <a href=\"mailto:James.Vercoe@pga.org.nz\">James.Vercoe@pga.org.nz<\/a><\/p>\n\n\n\n<figure class=\"wp-block-image size-full is-resized\"><img loading=\"lazy\" decoding=\"async\" width=\"275\" height=\"183\" src=\"https:\/\/www.edgaonline.com\/dev\/wp-content\/uploads\/2024\/03\/Saflag.png\" alt=\"\" class=\"wp-image-1294\" style=\"width:173px;height:auto\"\/><\/figure>\n\n\n\n<p><strong>South Africa:<\/strong> Francois Viljoen &#8211; PGA of South Africa &#8211;            Education and Training Manager &#8211; Email: <a href=\"mailto:etm@pga.co.za\">etm@pga.co.za<\/a><\/p>\n\n\n\n<figure class=\"wp-block-image size-full is-resized\"><img loading=\"lazy\" decoding=\"async\" width=\"275\" height=\"183\" src=\"https:\/\/www.edgaonline.com\/dev\/wp-content\/uploads\/2024\/03\/spainflag.png\" alt=\"\" class=\"wp-image-1337\" style=\"width:176px;height:auto\"\/><\/figure>\n\n\n\n<p><strong>Spain:<\/strong> Jos\u00e9 Manuel Mancebo Esteban<strong> <\/strong>&#8211; Coordinador T\u00e9cnico del Departamento de Formaci\u00f3n &#8211; REAL FEDERACI\u00d3N ESPA\u00d1OLA DE GOLF                                                                                              Email: <a href=\"mailto:jose.mancebo@rfegolf.es\">jose.mancebo@rfegolf.es<\/a><\/p>\n\n\n\n<figure class=\"wp-block-image size-full is-resized\"><img loading=\"lazy\" decoding=\"async\" width=\"318\" height=\"159\" src=\"https:\/\/www.edgaonline.com\/dev\/wp-content\/uploads\/2024\/03\/ukflag.png\" alt=\"\" class=\"wp-image-1373\" style=\"width:197px;height:auto\" srcset=\"https:\/\/www.edgaonline.com\/dev\/wp-content\/uploads\/2024\/03\/ukflag.png 318w, https:\/\/www.edgaonline.com\/dev\/wp-content\/uploads\/2024\/03\/ukflag-300x150.png 300w\" sizes=\"auto, (max-width: 318px) 100vw, 318px\" \/><\/figure>\n\n\n\n<p><strong>United Kingdom:<\/strong> Leah Roelich &#8211; EDGA Education Team                         Email: <a href=\"leah@peaweagolf.com\">leah@peaweagolf.com<\/a><\/p>\n\n\n\n<figure class=\"wp-block-image size-large is-resized\"><img loading=\"lazy\" decoding=\"async\" width=\"1024\" height=\"682\" src=\"https:\/\/www.edgaonline.com\/dev\/wp-content\/uploads\/2024\/03\/16237-1024x682.jpg\" alt=\"\" class=\"wp-image-1375\" style=\"width:497px;height:auto\" srcset=\"https:\/\/www.edgaonline.com\/dev\/wp-content\/uploads\/2024\/03\/16237-1024x682.jpg 1024w, https:\/\/www.edgaonline.com\/dev\/wp-content\/uploads\/2024\/03\/16237-300x200.jpg 300w, https:\/\/www.edgaonline.com\/dev\/wp-content\/uploads\/2024\/03\/16237-768x512.jpg 768w, https:\/\/www.edgaonline.com\/dev\/wp-content\/uploads\/2024\/03\/16237-1536x1023.jpg 1536w, https:\/\/www.edgaonline.com\/dev\/wp-content\/uploads\/2024\/03\/16237-1568x1045.jpg 1568w, https:\/\/www.edgaonline.com\/dev\/wp-content\/uploads\/2024\/03\/16237.jpg 1920w\" sizes=\"auto, (max-width: 1024px) 100vw, 1024px\" \/><\/figure>\n\n\n<div class=\"wp-block-image\">\n<figure class=\"aligncenter size-large is-resized\"><img loading=\"lazy\" decoding=\"async\" width=\"1024\" height=\"432\" src=\"https:\/\/www.edgaonline.com\/dev\/wp-content\/uploads\/2024\/03\/contact-822-1-1024x432.png\" alt=\"\" class=\"wp-image-1358\" style=\"width:180px;height:auto\" srcset=\"https:\/\/www.edgaonline.com\/dev\/wp-content\/uploads\/2024\/03\/contact-822-1-1024x432.png 1024w, https:\/\/www.edgaonline.com\/dev\/wp-content\/uploads\/2024\/03\/contact-822-1-300x127.png 300w, https:\/\/www.edgaonline.com\/dev\/wp-content\/uploads\/2024\/03\/contact-822-1-768x324.png 768w, https:\/\/www.edgaonline.com\/dev\/wp-content\/uploads\/2024\/03\/contact-822-1.png 1280w\" sizes=\"auto, (max-width: 1024px) 100vw, 1024px\" \/><\/figure>\n<\/div>\n\n\n<p>Please feel free to contact the EDGA Coach Education team to discuss your individual training needs.<\/p>\n\n\n\n<p>Email: <a href=\"mailto:development@edgagolf.com\">education@edgagolf.com<\/a><\/p>\n\n\n\n<p>Telephone: +44 (0) 800 8611472<\/p>\n\n\n\n<p><\/p>\n\n\n\n<p><\/p>\n","protected":false},"excerpt":{"rendered":"<p>EDGA Global Trained Coach Educators\/Training Facilitators Austria: Marie Jeffery &#8211; Education Team &#8211; PGA of Austria Email: marie.jeffery@gmx.at Belgium: Anthony Otterstrom &#8211; Director of Education PGA of Belgium &#8211; Email: anthony.otterstrom@pga.be Canada: Glenn Cundari &#8211; Technical Director &#8211; PGA of Canada Email: glenn@pgaofcanada.com Iceland: Arnar M\u00e1r \u00d3lafsson -Board Director &#8211; PGA of Iceland Email: arnar.olafsson@gmail.com&hellip; <a class=\"more-link\" href=\"https:\/\/www.edgaonline.com\/dev\/contact-edga-development-team\/\">Continue reading <span class=\"screen-reader-text\">EDGA Education Team<\/span><\/a><\/p>\n","protected":false},"author":2,"featured_media":0,"parent":0,"menu_order":0,"comment_status":"closed","ping_status":"closed","template":"","meta":{"footnotes":""},"class_list":["post-866","page","type-page","status-publish","hentry","entry"],"jetpack_sharing_enabled":true,"_links":{"self":[{"href":"https:\/\/www.edgaonline.com\/dev\/wp-json\/wp\/v2\/pages\/866","targetHints":{"allow":["GET"]}}],"collection":[{"href":"https:\/\/www.edgaonline.com\/dev\/wp-json\/wp\/v2\/pages"}],"about":[{"href":"https:\/\/www.edgaonline.com\/dev\/wp-json\/wp\/v2\/types\/page"}],"author":[{"embeddable":true,"href":"https:\/\/www.edgaonline.com\/dev\/wp-json\/wp\/v2\/users\/2"}],"replies":[{"embeddable":true,"href":"https:\/\/www.edgaonline.com\/dev\/wp-json\/wp\/v2\/comments?post=866"}],"version-history":[{"count":15,"href":"https:\/\/www.edgaonline.com\/dev\/wp-json\/wp\/v2\/pages\/866\/revisions"}],"predecessor-version":[{"id":1477,"href":"https:\/\/www.edgaonline.com\/dev\/wp-json\/wp\/v2\/pages\/866\/revisions\/1477"}],"wp:attachment":[{"href":"https:\/\/www.edgaonline.com\/dev\/wp-json\/wp\/v2\/media?parent=866"}],"curies":[{"name":"wp","href":"https:\/\/api.w.org\/{rel}","templated":true}]}}